{"id":209,"date":"2023-07-03T09:20:51","date_gmt":"2023-07-03T09:20:51","guid":{"rendered":"https:\/\/mecafil.cat\/avis-legal\/"},"modified":"2024-02-14T11:02:08","modified_gmt":"2024-02-14T11:02:08","slug":"avis-legal","status":"publish","type":"page","link":"https:\/\/mecafil.cat\/es\/avis-legal\/","title":{"rendered":"Aviso Legal"},"content":{"rendered":"<blockquote>\n<h1><strong>AVISO LEGAL<\/strong><\/h1>\n<\/blockquote>\n<p>Para dar cumplimiento en el art\u00edculo 10 de la Ley 34\/2002 de Servicios de la Sociedad de la Informaci\u00f3n y del Comercio Electr\u00f3nico, informamos los usuarios de nuestros datos:<\/p>\n<p>Denominaci\u00f3n Social: MECAFIL SOLA SL<\/p>\n<p>NIF: ESB64579352<\/p>\n<p>Domicilio: GENERE DE PUNT 8-10 \/ 08304 MATAR\u00d3<\/p>\n<p>Tel\u00e9fono: 93 790 1901<\/p>\n<p>E-mail: mecafil@mecafil.cat<\/p>\n<p>Web: www.mecafil.cat<\/p>\n<h4>OBJETO<\/h4>\n<p>MECAFIL SOLA SL, (Desde ahora tambi\u00e9n el prestamista del servicio) como responsable del sitio web, pone a disposici\u00f3n de los usuarios el presente documento, que regula el uso del sitio web con el cual pretendemos dar cumplimiento a las obligaciones que dispone la Ley 34\/2002 de servicios de la Sociedad de la Informaci\u00f3n y del Comercio Electr\u00f3nico (*LSSICE o *LSSI), as\u00ed como informar a todos los usuarios del sitio web respecto de cu\u00e1les son las condiciones de uso del sitio web.<\/p>\n<p>A trav\u00e9s de la web, www.mecafil.cat\u00a0 facilita a los usuarios el acceso y utilizaci\u00f3n de diferentes servicios y contenidos puestos a disposici\u00f3n a trav\u00e9s de la web.<\/p>\n<p>Toda persona que acceda en esta web asume el papel de usuario (de ahora en adelante el usuario), e implica la aceptaci\u00f3n total y sin reservas de todas y cada una de las disposiciones incluidas en este Aviso Legal, as\u00ed como cualesquiera otras disposiciones legales que fueran aplicable.<\/p>\n<p>Como usuarios, tienen que leer atentamente el presente Aviso Legal en cualquier de las ocasiones que entren en la web, puesto que esta puede sufrir modificaciones puesto que el prestamista del servicio se reserva el derecho a modificar cualquier tipo de informaci\u00f3n que pudiera aparecer en la web, sin que haya la obligaci\u00f3n de preavisar o poner en conocimiento de los usuarios estas obligaciones, siente suficientes la publicaci\u00f3n en el sitio web del prestamista del servicio.<\/p>\n<h4>CONDICIONES De ACCESO Y USO DEL WEB<\/h4>\n<p><strong>2.1. Car\u00e1cter gratuito del acceso y uso de la web.<\/strong><\/p>\n<p>La prestaci\u00f3n de los servicios por parte de MECAFIL SOLA SL tiene car\u00e1cter gratuito para todos los usuarios.<\/p>\n<p><strong>2.2. Registro de Usuario.<\/strong><\/p>\n<p>A todos los efectos la prestaci\u00f3n de los Servicios no exige la previa suscripci\u00f3n o registro de los Usuarios.<\/p>\n<p><strong>2.3. Veracidad de la informaci\u00f3n.<\/strong><\/p>\n<p>Toda la informaci\u00f3n que facilita el Usuario tiene que ser veraz. En estos efectos, el Usuario garantiza la autenticidad de los datos comunicados a trav\u00e9s de los formularios para la suscripci\u00f3n de los Servicios. Ser\u00e1 responsabilidad del Usuario mantener toda la informaci\u00f3n facilitada a MECAFIL SOLA SL permanentemente actualizada de forma que responda, en cada momento, a su situaci\u00f3n real. En todo caso, el Usuario ser\u00e1 el \u00fanico responsable de las manifestaciones falsas o inexactas que realice y de los perjuicios que cause al prestamista o a terceros.<\/p>\n<p><strong>2.4. Menores de edad.<\/strong><\/p>\n<p>Para el uso de los servicios, los menores de edad tienen que obtener siempre previamente el consentimiento de los padres, tutores o representantes legales, responsables \u00faltimos de todos los actos realizados por los menores a su cargo. La responsabilidad en la determinaci\u00f3n de contenidos concretos a los cuales acceden los menores corresponde a aquellos, es por eso que, si acceden a contenidos no apropiados para Internet, se tendr\u00e1n que establecer en sus ordenadores mecanismos, en particular programas inform\u00e1ticos, filtros y bloqueos, que permitan limitar los contenidos disponibles y, aunque no sean infalibles, son de especial utilidad para controlar y restringir los materiales a los cuales pueden acceder los menores.<\/p>\n<p><strong>2.5. Obligaci\u00f3n de hacer uso correcto de la web.<\/strong><\/p>\n<p>El Usuario se compromete a utilizar la web de conformidad a la Ley y al presente Aviso Legal, as\u00ed como la moral y las buenas costumbres. En efecto, el Usuario se abstendr\u00e1 de utilizar la p\u00e1gina con fines il\u00edcitos o prohibidas, lesivos de derechos e intereses de terceros, o que de cualquier forma puedan da\u00f1ar, inutilizar, sobrecargar, deteriorar o impedir la normal utilizaci\u00f3n de equipos inform\u00e1ticos o documentos, archivos y toda clase de contenidos almacenados en cualquier equipo inform\u00e1tico del prestamista.<\/p>\n<p>En particular, y a t\u00edtulo indicativo, pero no exhaustivo, el Usuario se compromete a no transmitir, difundir o poner a disposici\u00f3n de terceros informaciones, datos, contenidos, mensajes, gr\u00e1ficos, dibujos, archivos de sonido o imagen, fotograf\u00edas, grabaciones, software y, en general, cualquier clase de material que:<\/p>\n<ul>\n<li>(A) sea contraria, desprecie o atente contra los derechos fundamentales y las libertades p\u00fablicas reconocidas constitucionalmente, en tratados internacionales y otras normas vigentes;<\/li>\n<li>(B) induzca, incite o promueva actuaciones delictivas, denigratorias, difamatorias, violentas o, en general, contrarias a la ley, a la moral y el orden p\u00fablico;<\/li>\n<li>(C) induzca, incite o promueva actuaciones, actitudes o pensamientos discriminatorios por raz\u00f3n de sexo, raza, religi\u00f3n, creencias, edad o condici\u00f3n;<\/li>\n<li>(D) sea contrario al derecho al honor, a la intimidad personal o familiar o la propia imagen de las personas;<\/li>\n<li>(E) de cualquier manera perjudique la credibilidad del prestamista o de terceros; y<\/li>\n<li>(F) constituya publicidad il\u00edcita, enga\u00f1osa o desleal.<\/li>\n<\/ul>\n<h4>EXCLUSI\u00d3N DE GARANT\u00cdAS Y RESPONSABILIDAD<\/h4>\n<p>El prestamista del servicio se exime de cualquier tipo de responsabilidad derivada de la informaci\u00f3n publicada en nuestro sitio web, siempre que esta informaci\u00f3n haya sido manipulada o introducida por un tercero ajeno.<\/p>\n<p>Esta web ha sido revisada y probada para que funcione correctamente. En principio, se puede garantizar el correcto funcionamiento los 365 d\u00edas del a\u00f1o, 24 horas en el d\u00eda. Sin embargo, el prestamista del servicio no descarta la posibilidad que existan determinados errores de programaci\u00f3n, o que sucedan causas de fuerza mayor, cat\u00e1strofes naturales, huelgas, o circunstancias parecidas que hagan imposible el acceso a la p\u00e1gina web.<\/p>\n<p>MECAFIL SOLA SL no otorga ninguna garant\u00eda ni se hace responsable, en ning\u00fan caso, de los da\u00f1os y perjuicios de cualquier naturaleza que puedan salir a colaci\u00f3n de la falta de disponibilidad, mantenimiento y efectivo funcionamiento de la web o de sus servicios y contenidos; de la existencia de virus, programas maliciosos o lesivos en los contenidos; del uso il\u00edcito, negligente, fraudulento o contrario a este Aviso legal y condiciones de uso; o de la falta de licitud, calidad, fiabilidad, utilidad y disponibilidad de los servicios prestados por terceros y lugares a disposici\u00f3n de los usuarios en el sitio web.<\/p>\n<p>El prestamista del servicio no se hace responsable en ning\u00fan concepto de los da\u00f1os que puedan dimanar del uso ilegal o indebido de la presente p\u00e1gina web.<\/p>\n<h4>COOKIES<\/h4>\n<p>El sitio web del prestamista del servicio puede utilizar cookies (peque\u00f1os archivos de informaci\u00f3n que el servidor env\u00eda al ordenador de quien accede en la p\u00e1gina) para llevar a cabo determinadas funciones que son consideradas imprescindibles para el correcto funcionamiento y visualizaci\u00f3n del sitio. Las cookies utilizadas tienen, en todo caso, car\u00e1cter temporal, con la \u00fanica finalidad de hacer m\u00e1s eficaz la navegaci\u00f3n, y desaparecen al acabar la sesi\u00f3n del usuario. En ning\u00fan caso se utilizar\u00e1n las cookies para recoger informaci\u00f3n de car\u00e1cter personal. para mayor informaci\u00f3n, ver nuestra Pol\u00edtica de cookies.<\/p>\n<h4>ENLACES (LINKS)<\/h4>\n<p>Desde el sitio web es posible que se redirija a contenidos patrocinados, anuncios y \/ o enlaces de afiliados y \/ o de terceras webs.<\/p>\n<p>Entre los enlaces facilitados, existe la posibilidad de informar o hacer referencia a productos y \/ o servicios de terceros. Dado que desde la web no podemos controlar los contenidos introducidos por los terceros, MECAFIL SOLA SL no asume ning\u00fan tipo de responsabilidad respecto a estos contenidos, ni garantiza la experiencia, integridad o calidad de sus productos. En todo caso, el prestamista manifiesta que proceder\u00e1 a la retirada inmediata de cualquier contenido que pudiera contravenir la legislaci\u00f3n nacional o internacional, la moral o el orden p\u00fablico, procediendo a la retirada inmediata de la redirecci\u00f3n a estas webs, poniendo en conocimiento de las autoridades competentes el contenido en cuesti\u00f3n<\/p>\n<p>MECAFIL SOLA SL tendr\u00e1 publicados estos enlaces hasta que sean eliminados o suspendidos por el prestamista o por el anunciante, y no ser\u00e1 responsable aunque estos anuncios puedan ser indexados por otros buscadores ajenos a esta web.<\/p>\n<p>El prestamista del servicio no se responsabiliza de la informaci\u00f3n y contenidos almacenados, a t\u00edtulo enunciativo pero no limitativo, en foros, chats, generadores de blogs, comentarios, redes sociales o cualquier otro medio que permita a terceros publicar contenidos de manera independiente en la p\u00e1gina web del prestamista del servicio. Sin embargo y en cumplimiento del que se dispone en el arte. 11 y 16 de la *LSSICE, MECAFIL SOLA SL se pone a disposici\u00f3n de todos los usuarios, autoridades y fuerzas de seguridad, y colaborando de manera activa en la retirada o, cuando sea necesario, el bloqueo de todos aquellos contenidos que puedan afectar o contravenir la legislaci\u00f3n nacional, o internacional, derechos de terceros o la moral y el orden p\u00fablico. En caso de que el usuario considere que puede existir alg\u00fan contenido que pudiera ser susceptible de esta clasificaci\u00f3n, se ruega lo notifique de manera inmediata al administrador del sitio web.<\/p>\n<p>Sin embargo, MECAFIL SOLA SL le informa de que cualquier relaci\u00f3n contractual o extracontractual que el usuario formalice con estos terceros, afiliados o anunciantes mediante el link proporcionado por esta web, ser\u00e1 v\u00e1lido \u00fanicamente y exclusivamente entre el usuario y el anunciante y \/ o tercera persona y MECAFIL SOLA SL no tendr\u00e1 ning\u00fan tipo de responsabilidad sobre los da\u00f1os o perjuicios que pudieran ser ocasionados por la prestaci\u00f3n de servicios y \/ o relaciones contractuales o extracontractuales realizadas entre el usuario y los anunciantes o terceros contactadas a trav\u00e9s de este portal puesto que el prestamista solo act\u00faa como intermediario o medio publicitario.<\/p>\n<h4>PROTECCI\u00d3N DE DATOS PERSONALES<\/h4>\n<p>El prestamista del servicio est\u00e1 profundamente comprometido con el cumplimiento de la normativa de protecci\u00f3n de datos personales y garantiza el cumplimiento \u00edntegro de las obligaciones dispuestas, as\u00ed como la implementaci\u00f3n de las medidas de seguridad dispuestas en el Reglamento Europeo de Protecci\u00f3n de datos y la normativa espa\u00f1ola de protecci\u00f3n de datos. Para mayor informaci\u00f3n, ver nuestra Pol\u00edtica de Privacidad.<\/p>\n<h4>PROPIEDAD INTELECTUAL E INDUSTRIAL<\/h4>\n<p>El sitio web, incluyendo t\u00edtulo enunciativo, pero no limitativo: la programaci\u00f3n, edici\u00f3n, compilaci\u00f3n y otros elementos necesarios para su funcionamiento, los dise\u00f1os, logotipos, textos, fotograf\u00edas y \/ o gr\u00e1ficos son propiedad del prestamista del servicio o, en caso de que fuera necesario, dispone de la licencia o autorizaci\u00f3n expr\u00e9s por parte de los autores. Todos los contenidos del sitio web se encuentran debidamente protegidos por la normativa de propiedad intelectual e industrial.<\/p>\n<p>Independientemente de la finalidad para la cual fueran destinados, la reproducci\u00f3n total o parcial, uso, distribuci\u00f3n y comunicaci\u00f3n p\u00fablica requieren de la autorizaci\u00f3n escrita previa por parte del prestamista del servicio. Cualquier uso no autorizado previamente por parte del prestamista ser\u00e1 considerado un incumplimiento grave de los derechos de propiedad intelectual o industrial del autor.<\/p>\n<p>Los dise\u00f1os, logotipos, texto y \/ o gr\u00e1ficos ajenos al prestamista y que puedan aparecer en el sitio web, pertenecen a sus respectivos propietarios, siente ellos mismos responsables de cualquier posible controversia que pudiera acontecer respecto a estos. En todo caso, el prestamista del servicio cuenta con la autorizaci\u00f3n expr\u00e9s y previa por parte de estos.<\/p>\n<p>MECAFIL SOLA SL reconoce a favor de sus titulares los correspondientes derechos de propiedad industrial e intelectual, no implicando la menci\u00f3n o aparici\u00f3n en el sitio web, de la existencia de derechos o responsabilidad del prestamista sobre estos, como tampoco apoyo, patrocinio o recomendaci\u00f3n por parte de este.<\/p>\n<p>Para realizar cualquier tipo de observaci\u00f3n respecto a posibles incumplimientos de los derechos de propiedad intelectual o industrial, as\u00ed como sobre cualquier de los contenidos del sitio web, puede hacerlo a trav\u00e9s del correo electr\u00f3nico arriba rese\u00f1ado.<\/p>\n<h4>LEY APLICABLE Y JURISDICCI\u00d3N<\/h4>\n<p>Para la resoluci\u00f3n de las controversias o cuestiones relacionadas con la presente p\u00e1gina web o de las actividades en esta desarrolladas, ser\u00e1 aplicable la legislaci\u00f3n espa\u00f1ola, a la cual se someten expresamente las partes, siente competentes para la resoluci\u00f3n de todos los conflictos derivados o relacionados con su uso los Juzgados y Tribunales de Barcelona.<\/p>\n","protected":false},"excerpt":{"rendered":"<p>AVISO LEGAL Para dar cumplimiento en el art\u00edculo 10 de la Ley 34\/2002 de Servicios de la Sociedad de la Informaci\u00f3n y del Comercio Electr\u00f3nico, informamos los usuarios de nuestros datos: Denominaci\u00f3n Social: MECAFIL SOLA SL NIF: ESB64579352 Domicilio: GENERE DE PUNT 8-10 \/ 08304 MATAR\u00d3 Tel\u00e9fono: 93 790 1901 E-mail: mecafil@mecafil.cat Web: www.mecafil.cat OBJETO [&hellip;]<\/p>\n","protected":false},"author":2,"featured_media":0,"parent":0,"menu_order":0,"comment_status":"closed","ping_status":"closed","template":"","meta":{"footnotes":""},"class_list":["post-209","page","type-page","status-publish","hentry"],"yoast_head":"<!-- This site is optimized with the Yoast SEO plugin v27.2 - https:\/\/yoast.com\/product\/yoast-seo-wordpress\/ -->\n<title>Aviso Legal - Mecafil<\/title>\n<meta name=\"robots\" content=\"index, follow, max-snippet:-1, max-image-preview:large, max-video-preview:-1\" \/>\n<link rel=\"canonical\" href=\"https:\/\/mecafil.cat\/es\/avis-legal\/\" \/>\n<meta property=\"og:locale\" content=\"es_ES\" \/>\n<meta property=\"og:type\" content=\"article\" \/>\n<meta property=\"og:title\" content=\"Aviso Legal - Mecafil\" \/>\n<meta property=\"og:description\" content=\"AVISO LEGAL Para dar cumplimiento en el art\u00edculo 10 de la Ley 34\/2002 de Servicios de la Sociedad de la Informaci\u00f3n y del Comercio Electr\u00f3nico, informamos los usuarios de nuestros datos: Denominaci\u00f3n Social: MECAFIL SOLA SL NIF: ESB64579352 Domicilio: GENERE DE PUNT 8-10 \/ 08304 MATAR\u00d3 Tel\u00e9fono: 93 790 1901 E-mail: mecafil@mecafil.cat Web: www.mecafil.cat OBJETO [&hellip;]\" \/>\n<meta property=\"og:url\" content=\"https:\/\/mecafil.cat\/es\/avis-legal\/\" \/>\n<meta property=\"og:site_name\" content=\"Mecafil\" \/>\n<meta property=\"article:modified_time\" content=\"2024-02-14T11:02:08+00:00\" \/>\n<meta name=\"twitter:card\" content=\"summary_large_image\" \/>\n<meta name=\"twitter:label1\" content=\"Tiempo de lectura\" \/>\n\t<meta name=\"twitter:data1\" content=\"9 minutos\" \/>\n<script type=\"application\/ld+json\" class=\"yoast-schema-graph\">{\"@context\":\"https:\/\/schema.org\",\"@graph\":[{\"@type\":\"WebPage\",\"@id\":\"https:\/\/mecafil.cat\/es\/avis-legal\/\",\"url\":\"https:\/\/mecafil.cat\/es\/avis-legal\/\",\"name\":\"Aviso Legal - Mecafil\",\"isPartOf\":{\"@id\":\"https:\/\/mecafil.cat\/es\/#website\"},\"datePublished\":\"2023-07-03T09:20:51+00:00\",\"dateModified\":\"2024-02-14T11:02:08+00:00\",\"breadcrumb\":{\"@id\":\"https:\/\/mecafil.cat\/es\/avis-legal\/#breadcrumb\"},\"inLanguage\":\"es\",\"potentialAction\":[{\"@type\":\"ReadAction\",\"target\":[\"https:\/\/mecafil.cat\/es\/avis-legal\/\"]}]},{\"@type\":\"BreadcrumbList\",\"@id\":\"https:\/\/mecafil.cat\/es\/avis-legal\/#breadcrumb\",\"itemListElement\":[{\"@type\":\"ListItem\",\"position\":1,\"name\":\"Portada\",\"item\":\"https:\/\/mecafil.cat\/es\/\"},{\"@type\":\"ListItem\",\"position\":2,\"name\":\"Aviso Legal\"}]},{\"@type\":\"WebSite\",\"@id\":\"https:\/\/mecafil.cat\/es\/#website\",\"url\":\"https:\/\/mecafil.cat\/es\/\",\"name\":\"Mecafil\",\"description\":\"\",\"potentialAction\":[{\"@type\":\"SearchAction\",\"target\":{\"@type\":\"EntryPoint\",\"urlTemplate\":\"https:\/\/mecafil.cat\/es\/?s={search_term_string}\"},\"query-input\":{\"@type\":\"PropertyValueSpecification\",\"valueRequired\":true,\"valueName\":\"search_term_string\"}}],\"inLanguage\":\"es\"}]}<\/script>\n<!-- \/ Yoast SEO plugin. -->","yoast_head_json":{"title":"Aviso Legal - Mecafil","robots":{"index":"index","follow":"follow","max-snippet":"max-snippet:-1","max-image-preview":"max-image-preview:large","max-video-preview":"max-video-preview:-1"},"canonical":"https:\/\/mecafil.cat\/es\/avis-legal\/","og_locale":"es_ES","og_type":"article","og_title":"Aviso Legal - Mecafil","og_description":"AVISO LEGAL Para dar cumplimiento en el art\u00edculo 10 de la Ley 34\/2002 de Servicios de la Sociedad de la Informaci\u00f3n y del Comercio Electr\u00f3nico, informamos los usuarios de nuestros datos: Denominaci\u00f3n Social: MECAFIL SOLA SL NIF: ESB64579352 Domicilio: GENERE DE PUNT 8-10 \/ 08304 MATAR\u00d3 Tel\u00e9fono: 93 790 1901 E-mail: mecafil@mecafil.cat Web: www.mecafil.cat OBJETO [&hellip;]","og_url":"https:\/\/mecafil.cat\/es\/avis-legal\/","og_site_name":"Mecafil","article_modified_time":"2024-02-14T11:02:08+00:00","twitter_card":"summary_large_image","twitter_misc":{"Tiempo de lectura":"9 minutos"},"schema":{"@context":"https:\/\/schema.org","@graph":[{"@type":"WebPage","@id":"https:\/\/mecafil.cat\/es\/avis-legal\/","url":"https:\/\/mecafil.cat\/es\/avis-legal\/","name":"Aviso Legal - Mecafil","isPartOf":{"@id":"https:\/\/mecafil.cat\/es\/#website"},"datePublished":"2023-07-03T09:20:51+00:00","dateModified":"2024-02-14T11:02:08+00:00","breadcrumb":{"@id":"https:\/\/mecafil.cat\/es\/avis-legal\/#breadcrumb"},"inLanguage":"es","potentialAction":[{"@type":"ReadAction","target":["https:\/\/mecafil.cat\/es\/avis-legal\/"]}]},{"@type":"BreadcrumbList","@id":"https:\/\/mecafil.cat\/es\/avis-legal\/#breadcrumb","itemListElement":[{"@type":"ListItem","position":1,"name":"Portada","item":"https:\/\/mecafil.cat\/es\/"},{"@type":"ListItem","position":2,"name":"Aviso Legal"}]},{"@type":"WebSite","@id":"https:\/\/mecafil.cat\/es\/#website","url":"https:\/\/mecafil.cat\/es\/","name":"Mecafil","description":"","potentialAction":[{"@type":"SearchAction","target":{"@type":"EntryPoint","urlTemplate":"https:\/\/mecafil.cat\/es\/?s={search_term_string}"},"query-input":{"@type":"PropertyValueSpecification","valueRequired":true,"valueName":"search_term_string"}}],"inLanguage":"es"}]}},"_links":{"self":[{"href":"https:\/\/mecafil.cat\/es\/wp-json\/wp\/v2\/pages\/209","targetHints":{"allow":["GET"]}}],"collection":[{"href":"https:\/\/mecafil.cat\/es\/wp-json\/wp\/v2\/pages"}],"about":[{"href":"https:\/\/mecafil.cat\/es\/wp-json\/wp\/v2\/types\/page"}],"author":[{"embeddable":true,"href":"https:\/\/mecafil.cat\/es\/wp-json\/wp\/v2\/users\/2"}],"replies":[{"embeddable":true,"href":"https:\/\/mecafil.cat\/es\/wp-json\/wp\/v2\/comments?post=209"}],"version-history":[{"count":6,"href":"https:\/\/mecafil.cat\/es\/wp-json\/wp\/v2\/pages\/209\/revisions"}],"predecessor-version":[{"id":277,"href":"https:\/\/mecafil.cat\/es\/wp-json\/wp\/v2\/pages\/209\/revisions\/277"}],"wp:attachment":[{"href":"https:\/\/mecafil.cat\/es\/wp-json\/wp\/v2\/media?parent=209"}],"curies":[{"name":"wp","href":"https:\/\/api.w.org\/{rel}","templated":true}]}}